{"id":907,"date":"2019-05-23T07:55:00","date_gmt":"2019-05-23T07:55:00","guid":{"rendered":"https:\/\/waldhaeusl.at\/?page_id=907"},"modified":"2019-05-23T07:55:18","modified_gmt":"2019-05-23T07:55:18","slug":"impressum","status":"publish","type":"page","link":"https:\/\/waldhaeusl.at\/en\/impressum\/","title":{"rendered":"Site notice"},"content":{"rendered":"<p><strong>Site notice &amp; disclosure<\/strong><\/p>\n<p><strong>Owner &amp; operator of the website:<\/strong><\/p>\n<div class=\"flex_column av_one_fourth first el_before_av_one_fourth\">\n<section id=\"text-2\" class=\"widget clearfix widget_text\">\n<div class=\"textwidget\">\n<p><strong>Apart Waldh\u00e4usl<\/strong><br \/>\nIsabella Wechner<br \/>\nSt\u00f6ckwaldweg 17<br \/>\nA \u2013 6561 Ischgl<\/p>\n<p>Tel.: <a href=\"tel:+4354445369\">+43 5444 5368<\/a><br \/>\nMail: <a href=\"mailto:apart@waldhaeusl.at\">apart@waldhaeusl.at<\/a><\/p>\n<\/div>\n<\/section>\n<\/div>\n<p>&nbsp;<\/p>\n<p>Managerial responsibility: Isabella Wechner<\/p>\n<p>Line of business: Rooms to rent<\/p>\n<p>Legal form: One man business<\/p>\n<p>Place for the trade licence: St\u00f6ckwaldweg 17, 6561 Ischgl<\/p>\n<p>VAT Reg. No.:ATU 69205228<\/p>\n<p>Chamber affiliation: WKO, Landeck<\/p>\n<p>Supervisory authority:<\/p>\n<p>Regulation act: http:\/\/www.ris.bka.gv.at<\/p>\n<p><strong>\u00a0<\/strong><\/p>\n<p><strong>Design, programming &amp; hosting:<\/strong><\/p>\n<p>Huber Web Media<br \/>\nPhilipp Maria Huber<br \/>\nMils Au 71<br \/>\n6493 Mils bei Imst<br \/>\nTyrol \u2013 Austria<\/p>\n<p>Tel.: 0043 650 4488663<br \/>\nMail: <a href=\"mailto:info@huberwebmedia.at\">info@huberwebmedia.at<\/a><br \/>\nWeb: <a href=\"http:\/\/www.huberwebmedia.at\">www.huberwebmedia.at<\/a><br \/>\nUID: ATU 63430415<\/p>\n<p><strong>Liability:<\/strong><\/p>\n<p>All contents have been examined carefully, however no guarantee can be made regarding accuracy, completeness, and topicality. Liabilities caused by the use or misuse of the information offered, or by the use of incorrect and incomplete information, are strictly excluded.<\/p>\n<p><strong>Liability for links:<\/strong><\/p>\n<p>Our website contains links to external, third-party websites for which our organisation is not responsible. We have no influence on the content of these websites, but the operating companies of these sites are exclusively responsible. No unlawful contents were in evidence at the time the links were created.<\/p>\n<p><strong>Image rights:<\/strong><\/p>\n<p>The images which appear on this website are protected by copyright and are non-binding. \u00a9 Huber Web Media \u2013 all rights reserved.<\/p>\n<p><strong>Copyright:<\/strong><\/p>\n<p>All texts, graphics and images are protected by copyright and may not be used unless prior permission has been obtained from the owner.<\/p>\n<p><strong>Purpose of the website:<\/strong><\/p>\n<p>This website serves to inform the user about goods and services of our organisation.<\/p>\n<p>&nbsp;<\/p>\n","protected":false},"excerpt":{"rendered":"<p>Site notice &amp; disclosure Owner &amp; operator of the website: Apart Waldh\u00e4usl Isabella Wechner St\u00f6ckwaldweg 17 A \u2013 6561 Ischgl Tel.: +43 5444 5368 Mail: apart@waldhaeusl.at &nbsp; Managerial responsibility: Isabella Wechner Line of business: Rooms to rent Legal form: One man business Place for the trade licence: St\u00f6ckwaldweg 17, 6561 Ischgl VAT Reg. No.:ATU 69205228 [&hellip;]<\/p>\n","protected":false},"author":2,"featured_media":0,"parent":0,"menu_order":9,"comment_status":"closed","ping_status":"closed","template":"","meta":{"footnotes":""},"class_list":["post-907","page","type-page","status-publish","hentry"],"yoast_head":"<!-- This site is optimized with the Yoast SEO plugin v27.4 - https:\/\/yoast.com\/product\/yoast-seo-wordpress\/ -->\n<title>Site notice - Apart Waldh\u00e4usl<\/title>\n<meta name=\"robots\" content=\"index, follow, max-snippet:-1, max-image-preview:large, max-video-preview:-1\" \/>\n<link rel=\"canonical\" href=\"https:\/\/waldhaeusl.at\/en\/impressum\/\" \/>\n<meta property=\"og:locale\" content=\"en_US\" \/>\n<meta property=\"og:type\" content=\"article\" \/>\n<meta property=\"og:title\" content=\"Site notice - Apart Waldh\u00e4usl\" \/>\n<meta property=\"og:description\" content=\"Site notice &amp; disclosure Owner &amp; operator of the website: Apart Waldh\u00e4usl Isabella Wechner St\u00f6ckwaldweg 17 A \u2013 6561 Ischgl Tel.: +43 5444 5368 Mail: apart@waldhaeusl.at &nbsp; Managerial responsibility: Isabella Wechner Line of business: Rooms to rent Legal form: One man business Place for the trade licence: St\u00f6ckwaldweg 17, 6561 Ischgl VAT Reg. No.:ATU 69205228 [&hellip;]\" \/>\n<meta property=\"og:url\" content=\"https:\/\/waldhaeusl.at\/en\/impressum\/\" \/>\n<meta property=\"og:site_name\" content=\"Apart Waldh\u00e4usl\" \/>\n<meta property=\"article:modified_time\" content=\"2019-05-23T07:55:18+00:00\" \/>\n<meta name=\"twitter:card\" content=\"summary_large_image\" \/>\n<meta name=\"twitter:label1\" content=\"Est. reading time\" \/>\n\t<meta name=\"twitter:data1\" content=\"1 minute\" \/>\n<script type=\"application\/ld+json\" class=\"yoast-schema-graph\">{\"@context\":\"https:\\\/\\\/schema.org\",\"@graph\":[{\"@type\":\"WebPage\",\"@id\":\"https:\\\/\\\/waldhaeusl.at\\\/en\\\/impressum\\\/\",\"url\":\"https:\\\/\\\/waldhaeusl.at\\\/en\\\/impressum\\\/\",\"name\":\"Site notice - Apart Waldh\u00e4usl\",\"isPartOf\":{\"@id\":\"https:\\\/\\\/waldhaeusl.at\\\/#website\"},\"datePublished\":\"2019-05-23T07:55:00+00:00\",\"dateModified\":\"2019-05-23T07:55:18+00:00\",\"breadcrumb\":{\"@id\":\"https:\\\/\\\/waldhaeusl.at\\\/en\\\/impressum\\\/#breadcrumb\"},\"inLanguage\":\"en-US\",\"potentialAction\":[{\"@type\":\"ReadAction\",\"target\":[\"https:\\\/\\\/waldhaeusl.at\\\/en\\\/impressum\\\/\"]}]},{\"@type\":\"BreadcrumbList\",\"@id\":\"https:\\\/\\\/waldhaeusl.at\\\/en\\\/impressum\\\/#breadcrumb\",\"itemListElement\":[{\"@type\":\"ListItem\",\"position\":1,\"name\":\"Startseite\",\"item\":\"https:\\\/\\\/waldhaeusl.at\\\/en\\\/\"},{\"@type\":\"ListItem\",\"position\":2,\"name\":\"Site notice\"}]},{\"@type\":\"WebSite\",\"@id\":\"https:\\\/\\\/waldhaeusl.at\\\/#website\",\"url\":\"https:\\\/\\\/waldhaeusl.at\\\/\",\"name\":\"Apart Waldh\u00e4usl\",\"description\":\"Ferienwohnungen Ischgl\",\"potentialAction\":[{\"@type\":\"SearchAction\",\"target\":{\"@type\":\"EntryPoint\",\"urlTemplate\":\"https:\\\/\\\/waldhaeusl.at\\\/?s={search_term_string}\"},\"query-input\":{\"@type\":\"PropertyValueSpecification\",\"valueRequired\":true,\"valueName\":\"search_term_string\"}}],\"inLanguage\":\"en-US\"}]}<\/script>\n<!-- \/ Yoast SEO plugin. -->","yoast_head_json":{"title":"Site notice - Apart Waldh\u00e4usl","robots":{"index":"index","follow":"follow","max-snippet":"max-snippet:-1","max-image-preview":"max-image-preview:large","max-video-preview":"max-video-preview:-1"},"canonical":"https:\/\/waldhaeusl.at\/en\/impressum\/","og_locale":"en_US","og_type":"article","og_title":"Site notice - Apart Waldh\u00e4usl","og_description":"Site notice &amp; disclosure Owner &amp; operator of the website: Apart Waldh\u00e4usl Isabella Wechner St\u00f6ckwaldweg 17 A \u2013 6561 Ischgl Tel.: +43 5444 5368 Mail: apart@waldhaeusl.at &nbsp; Managerial responsibility: Isabella Wechner Line of business: Rooms to rent Legal form: One man business Place for the trade licence: St\u00f6ckwaldweg 17, 6561 Ischgl VAT Reg. No.:ATU 69205228 [&hellip;]","og_url":"https:\/\/waldhaeusl.at\/en\/impressum\/","og_site_name":"Apart Waldh\u00e4usl","article_modified_time":"2019-05-23T07:55:18+00:00","twitter_card":"summary_large_image","twitter_misc":{"Est. reading time":"1 minute"},"schema":{"@context":"https:\/\/schema.org","@graph":[{"@type":"WebPage","@id":"https:\/\/waldhaeusl.at\/en\/impressum\/","url":"https:\/\/waldhaeusl.at\/en\/impressum\/","name":"Site notice - Apart Waldh\u00e4usl","isPartOf":{"@id":"https:\/\/waldhaeusl.at\/#website"},"datePublished":"2019-05-23T07:55:00+00:00","dateModified":"2019-05-23T07:55:18+00:00","breadcrumb":{"@id":"https:\/\/waldhaeusl.at\/en\/impressum\/#breadcrumb"},"inLanguage":"en-US","potentialAction":[{"@type":"ReadAction","target":["https:\/\/waldhaeusl.at\/en\/impressum\/"]}]},{"@type":"BreadcrumbList","@id":"https:\/\/waldhaeusl.at\/en\/impressum\/#breadcrumb","itemListElement":[{"@type":"ListItem","position":1,"name":"Startseite","item":"https:\/\/waldhaeusl.at\/en\/"},{"@type":"ListItem","position":2,"name":"Site notice"}]},{"@type":"WebSite","@id":"https:\/\/waldhaeusl.at\/#website","url":"https:\/\/waldhaeusl.at\/","name":"Apart Waldh\u00e4usl","description":"Ferienwohnungen Ischgl","potentialAction":[{"@type":"SearchAction","target":{"@type":"EntryPoint","urlTemplate":"https:\/\/waldhaeusl.at\/?s={search_term_string}"},"query-input":{"@type":"PropertyValueSpecification","valueRequired":true,"valueName":"search_term_string"}}],"inLanguage":"en-US"}]}},"_links":{"self":[{"href":"https:\/\/waldhaeusl.at\/en\/wp-json\/wp\/v2\/pages\/907","targetHints":{"allow":["GET"]}}],"collection":[{"href":"https:\/\/waldhaeusl.at\/en\/wp-json\/wp\/v2\/pages"}],"about":[{"href":"https:\/\/waldhaeusl.at\/en\/wp-json\/wp\/v2\/types\/page"}],"author":[{"embeddable":true,"href":"https:\/\/waldhaeusl.at\/en\/wp-json\/wp\/v2\/users\/2"}],"replies":[{"embeddable":true,"href":"https:\/\/waldhaeusl.at\/en\/wp-json\/wp\/v2\/comments?post=907"}],"version-history":[{"count":4,"href":"https:\/\/waldhaeusl.at\/en\/wp-json\/wp\/v2\/pages\/907\/revisions"}],"predecessor-version":[{"id":933,"href":"https:\/\/waldhaeusl.at\/en\/wp-json\/wp\/v2\/pages\/907\/revisions\/933"}],"wp:attachment":[{"href":"https:\/\/waldhaeusl.at\/en\/wp-json\/wp\/v2\/media?parent=907"}],"curies":[{"name":"wp","href":"https:\/\/api.w.org\/{rel}","templated":true}]}}